{"id":81,"date":"2024-08-19T20:12:02","date_gmt":"2024-08-19T18:12:02","guid":{"rendered":"https:\/\/www.ambulanciapriskolke.sk\/?page_id=81"},"modified":"2024-12-26T11:08:01","modified_gmt":"2024-12-26T10:08:01","slug":"o-nas","status":"publish","type":"page","link":"https:\/\/www.ambulanciapriskolke.sk\/?page_id=81","title":{"rendered":"O n\u00e1s"},"content":{"rendered":"<div class=\"wp-block-cover alignfull is-light has-parallax has-custom-content-position is-position-bottom-center has-post-link\" style=\"padding-top:16em;padding-right:0;padding-bottom:0;padding-left:0;min-height:70vh;aspect-ratio:unset;\"><span aria-hidden=\"true\" class=\"wp-block-cover__background has-background-dim-0 has-background-dim\"><\/span><div class=\"wp-block-cover__inner-container is-layout-flow wp-block-cover-is-layout-flow\">\n<div class=\"wp-block-group has-base-cut-transparent-h-gradient-background has-background has-global-padding is-layout-constrained wp-block-group-is-layout-constrained\" style=\"padding-top:0;padding-bottom:0\">\n<div class=\"wp-block-group alignwide is-nowrap is-layout-flex wp-container-core-group-is-layout-6c531013 wp-block-group-is-layout-flex\">\n<div class=\"wp-block-group has-base-background-color has-background wp-container-content-827a083e is-layout-flow wp-block-group-is-layout-flow\" style=\"border-radius:0.38rem;padding-top:var(--wp--preset--spacing--l);padding-right:var(--wp--preset--spacing--l);padding-bottom:0;padding-left:0\"><h1 class=\"wp-block-post-title\">O n\u00e1s<\/h1>\n\n\n<div class=\"wp-block-group has-global-padding is-content-justification-left is-layout-constrained wp-container-core-group-is-layout-9f866891 wp-block-group-is-layout-constrained\">\n<p class=\"has-l-font-size\">Len kr\u00e1tka veti\u010dka. Toto je len demo text, ktor\u00fd by ste mali prep\u00edsa\u0165. Sem si nap\u00ed\u0161te vlastn\u00fd text. Toto je len demo text,\u2026<\/p>\n<\/div>\n<\/div>\n<\/div>\n<\/div>\n<\/div><a href=\"https:\/\/www.ambulanciapriskolke.sk\/?page_id=81\" class=\"wp-block-cover__post-link\"><span class=\"screen-reader-text\">O n\u00e1s<\/span><\/a><\/div>\n\n\n<div style=\"height:var(--wp--preset--spacing--content)\" aria-hidden=\"true\" class=\"wp-block-spacer\"><\/div>\n\n\n\n<div class=\"wp-block-group alignfull has-global-padding is-layout-constrained wp-block-group-is-layout-constrained\">\n<div class=\"wp-block-columns alignwide is-layout-flex wp-container-core-columns-is-layout-15c97201 wp-block-columns-is-layout-flex\">\n<div class=\"wp-block-column has-global-padding is-content-justification-left is-layout-constrained wp-container-core-column-is-layout-5687bee6 wp-block-column-is-layout-constrained\" style=\"flex-basis:50%\">\n<h2 class=\"wp-block-heading\">Som nadpis<\/h2>\n<\/div>\n\n\n\n<div class=\"wp-block-column is-vertically-aligned-bottom is-layout-flow wp-block-column-is-layout-flow\" style=\"flex-basis:50%\">\n<p>Len kr\u00e1tka veti\u010dka. Toto je len demo text, ktor\u00fd by ste mali prep\u00edsa\u0165. Sem si nap\u00ed\u0161te vlastn\u00fd text. Toto je len demo text, ktor\u00fd by ste mali\u2026<\/p>\n<\/div>\n<\/div>\n\n\n\n<div class=\"wp-block-columns alignwide is-layout-flex wp-container-core-columns-is-layout-30551c63 wp-block-columns-is-layout-flex\" style=\"margin-top:var(--wp--preset--spacing--l)\">\n<div class=\"wp-block-column is-layout-flow wp-container-core-column-is-layout-335377b8 wp-block-column-is-layout-flow\" style=\"border-radius:0.38rem;padding-top:var(--wp--preset--spacing--m);padding-right:var(--wp--preset--spacing--m);padding-bottom:var(--wp--preset--spacing--m);padding-left:var(--wp--preset--spacing--m);box-shadow:var(--wp--preset--shadow--m)\">\n<p class=\"has-primary-color has-text-color has-link-color has-supplemental-font-family has-big-font-size wp-elements-20e8748f312d5a42fe48698329cb5263\" style=\"line-height:1\">12+<\/p>\n\n\n\n<p class=\"has-s-font-size\" style=\"text-transform:uppercase\">Len kr\u00e1tka veti\u010dka<\/p>\n<\/div>\n\n\n\n<div class=\"wp-block-column is-layout-flow wp-container-core-column-is-layout-335377b8 wp-block-column-is-layout-flow\" style=\"border-radius:0.38rem;padding-top:var(--wp--preset--spacing--m);padding-right:var(--wp--preset--spacing--m);padding-bottom:var(--wp--preset--spacing--m);padding-left:var(--wp--preset--spacing--m);box-shadow:var(--wp--preset--shadow--m)\">\n<p class=\"has-primary-color has-text-color has-link-color has-supplemental-font-family has-big-font-size wp-elements-0810a74001fb65d8d1ae69f15b3149a4\" style=\"line-height:1\">34+<\/p>\n\n\n\n<p class=\"has-s-font-size\" style=\"text-transform:uppercase\">Len kr\u00e1tka veti\u010dka<\/p>\n<\/div>\n\n\n\n<div class=\"wp-block-column is-layout-flow wp-container-core-column-is-layout-335377b8 wp-block-column-is-layout-flow\" style=\"border-radius:0.38rem;padding-top:var(--wp--preset--spacing--m);padding-right:var(--wp--preset--spacing--m);padding-bottom:var(--wp--preset--spacing--m);padding-left:var(--wp--preset--spacing--m);box-shadow:var(--wp--preset--shadow--m)\">\n<p class=\"has-primary-color has-text-color has-link-color has-supplemental-font-family has-big-font-size wp-elements-0ad2f69bac047801543e2b63bc31d94d\" style=\"line-height:1\">56+<\/p>\n\n\n\n<p class=\"has-s-font-size\" style=\"text-transform:uppercase\">Len kr\u00e1tka veti\u010dka<\/p>\n<\/div>\n\n\n\n<div class=\"wp-block-column is-layout-flow wp-container-core-column-is-layout-335377b8 wp-block-column-is-layout-flow\" style=\"border-radius:0.38rem;padding-top:var(--wp--preset--spacing--m);padding-right:var(--wp--preset--spacing--m);padding-bottom:var(--wp--preset--spacing--m);padding-left:var(--wp--preset--spacing--m);box-shadow:var(--wp--preset--shadow--m)\">\n<p class=\"has-primary-color has-text-color has-link-color has-supplemental-font-family has-big-font-size wp-elements-1c8410d1734cfcdf42246e2c395d5166\" style=\"line-height:1\">789+<\/p>\n\n\n\n<p class=\"has-s-font-size\" style=\"text-transform:uppercase\">Len kr\u00e1tka veti\u010dka<\/p>\n<\/div>\n<\/div>\n<\/div>\n\n\n\n<div style=\"height:var(--wp--preset--spacing--content)\" aria-hidden=\"true\" class=\"wp-block-spacer\"><\/div>\n\n\n\n<div class=\"wp-block-group alignfull has-primary-background-color has-background has-global-padding is-layout-constrained wp-block-group-is-layout-constrained\" style=\"margin-top:0;padding-top:var(--wp--preset--spacing--content);padding-bottom:0\">\n<div class=\"wp-block-group alignwide is-content-justification-space-between is-layout-flex wp-container-core-group-is-layout-747b10db wp-block-group-is-layout-flex\" style=\"margin-bottom:var(--wp--preset--spacing--xl)\">\n<div class=\"wp-block-group has-global-padding is-content-justification-left is-layout-constrained wp-container-core-group-is-layout-12dd3699 wp-block-group-is-layout-constrained\">\n<h2 class=\"wp-block-heading has-h-1-font-size\" style=\"font-style:normal;font-weight:400\">Len kr\u00e1tka veti\u010dka. Toto je len\u2026<\/h2>\n<\/div>\n\n\n\n<div class=\"wp-block-buttons is-layout-flex wp-block-buttons-is-layout-flex\">\n<div class=\"wp-block-button has-custom-font-size has-m-font-size\"><a class=\"wp-block-button__link has-base-background-color has-background wp-element-button\" href=\"#0\">Kliknite sem \u2192<\/a><\/div>\n<\/div>\n<\/div>\n\n\n\n<figure class=\"wp-block-image alignwide size-full is-style-padding-right wp-duotone-primary\"><img decoding=\"async\" src=\"https:\/\/www.ambulanciapriskolke.sk\/wp-content\/themes\/zooey\/assets\/images\/starter\/21to9.webp?ver=v1.1.5\" alt=\"Text alternat\u00edvneho popisu obr\u00e1zka\"\/><\/figure>\n<\/div>\n\n\n\n<div style=\"height:var(--wp--preset--spacing--content)\" aria-hidden=\"true\" class=\"wp-block-spacer\"><\/div>\n\n\n\n<div class=\"wp-block-group alignfull has-global-padding is-layout-constrained wp-block-group-is-layout-constrained\" style=\"margin-top:0;margin-bottom:0\">\n<h2 class=\"wp-block-heading alignwide\">Som nadpis<\/h2>\n\n\n\n<hr class=\"wp-block-separator alignwide has-alpha-channel-opacity is-style-dashed\"\/>\n\n\n\n<div class=\"wp-block-columns alignwide is-layout-flex wp-container-core-columns-is-layout-28f84493 wp-block-columns-is-layout-flex\">\n<div class=\"wp-block-column is-layout-flow wp-block-column-is-layout-flow\">\n<h3 class=\"wp-block-heading has-big-font-size\" style=\"font-style:normal;font-weight:900;line-height:1\">1987<\/h3>\n<\/div>\n\n\n\n<div class=\"wp-block-column is-layout-flow wp-block-column-is-layout-flow\">\n<p>Len kr\u00e1tka veti\u010dka. Toto je len demo text, ktor\u00fd by ste mali prep\u00edsa\u0165. Sem si nap\u00ed\u0161te vlastn\u00fd text. Toto je len demo text, ktor\u00fd by ste mali prep\u00edsa\u0165. Sem si nap\u00ed\u0161te vlastn\u00fd text. Len kr\u00e1tka veti\u010dka. Toto je len\u2026<\/p>\n<\/div>\n<\/div>\n\n\n\n<hr class=\"wp-block-separator alignwide has-alpha-channel-opacity is-style-dashed\"\/>\n\n\n\n<div class=\"wp-block-columns alignwide is-layout-flex wp-container-core-columns-is-layout-28f84493 wp-block-columns-is-layout-flex\">\n<div class=\"wp-block-column is-layout-flow wp-block-column-is-layout-flow\">\n<h3 class=\"wp-block-heading has-big-font-size\" style=\"font-style:normal;font-weight:900;line-height:1\">1991<\/h3>\n<\/div>\n\n\n\n<div class=\"wp-block-column is-layout-flow wp-block-column-is-layout-flow\">\n<p>Len kr\u00e1tka veti\u010dka. Toto je len demo text, ktor\u00fd by ste mali prep\u00edsa\u0165. Sem si nap\u00ed\u0161te vlastn\u00fd text. Toto je len demo text, ktor\u00fd by ste mali prep\u00edsa\u0165. Sem si nap\u00ed\u0161te vlastn\u00fd text. Len kr\u00e1tka veti\u010dka. Toto je len\u2026<\/p>\n<\/div>\n<\/div>\n\n\n\n<hr class=\"wp-block-separator alignwide has-alpha-channel-opacity is-style-dashed\"\/>\n\n\n\n<div class=\"wp-block-columns alignwide is-layout-flex wp-container-core-columns-is-layout-28f84493 wp-block-columns-is-layout-flex\">\n<div class=\"wp-block-column is-layout-flow wp-block-column-is-layout-flow\">\n<h3 class=\"wp-block-heading has-big-font-size\" style=\"font-style:normal;font-weight:900;line-height:1\">2024<\/h3>\n<\/div>\n\n\n\n<div class=\"wp-block-column is-layout-flow wp-block-column-is-layout-flow\">\n<p>Len kr\u00e1tka veti\u010dka. Toto je len demo text, ktor\u00fd by ste mali prep\u00edsa\u0165. Sem si nap\u00ed\u0161te vlastn\u00fd text. Toto je len demo text, ktor\u00fd by ste mali prep\u00edsa\u0165. Sem si nap\u00ed\u0161te vlastn\u00fd text. Len kr\u00e1tka veti\u010dka. Toto je len\u2026<\/p>\n<\/div>\n<\/div>\n<\/div>\n","protected":false},"excerpt":{"rendered":"<p>Som nadpis Len kr\u00e1tka veti\u010dka. Toto je len demo text, ktor\u00fd by ste mali prep\u00edsa\u0165. Sem si nap\u00ed\u0161te vlastn\u00fd text. Toto je len demo text, ktor\u00fd by ste mali\u2026 12+ Len kr\u00e1tka&hellip;<\/p>\n","protected":false},"author":1,"featured_media":0,"parent":0,"menu_order":0,"comment_status":"closed","ping_status":"closed","template":"","meta":{"_monsterinsights_skip_tracking":false,"_monsterinsights_sitenote_active":false,"_monsterinsights_sitenote_note":"","_monsterinsights_sitenote_category":0,"footnotes":""},"class_list":["post-81","page","type-page","status-publish","hentry"],"yoast_head":"<!-- This site is optimized with the Yoast SEO plugin v27.4 - https:\/\/yoast.com\/product\/yoast-seo-wordpress\/ -->\n<title>O n\u00e1s -<\/title>\n<meta name=\"robots\" content=\"index, follow, max-snippet:-1, max-image-preview:large, max-video-preview:-1\" \/>\n<link rel=\"canonical\" href=\"https:\/\/www.ambulanciapriskolke.sk\/?page_id=81\" \/>\n<meta property=\"og:locale\" content=\"sk_SK\" \/>\n<meta property=\"og:type\" content=\"article\" \/>\n<meta property=\"og:title\" content=\"O n\u00e1s -\" \/>\n<meta property=\"og:description\" content=\"Som nadpis Len kr\u00e1tka veti\u010dka. Toto je len demo text, ktor\u00fd by ste mali prep\u00edsa\u0165. Sem si nap\u00ed\u0161te vlastn\u00fd text. Toto je len demo text, ktor\u00fd by ste mali\u2026 12+ Len kr\u00e1tka&hellip;\" \/>\n<meta property=\"og:url\" content=\"https:\/\/www.ambulanciapriskolke.sk\/?page_id=81\" \/>\n<meta property=\"article:modified_time\" content=\"2024-12-26T10:08:01+00:00\" \/>\n<meta property=\"og:image\" content=\"https:\/\/www.ambulanciapriskolke.sk\/wp-content\/themes\/zooey\/assets\/images\/starter\/21to9.webp?ver=v1.1.5\" \/>\n<meta name=\"twitter:card\" content=\"summary_large_image\" \/>\n<meta name=\"twitter:label1\" content=\"Predpokladan\u00fd \u010das \u010d\u00edtania\" \/>\n\t<meta name=\"twitter:data1\" content=\"1 min\u00fata\" \/>\n<script type=\"application\/ld+json\" class=\"yoast-schema-graph\">{\"@context\":\"https:\\\/\\\/schema.org\",\"@graph\":[{\"@type\":\"WebPage\",\"@id\":\"https:\\\/\\\/www.ambulanciapriskolke.sk\\\/?page_id=81\",\"url\":\"https:\\\/\\\/www.ambulanciapriskolke.sk\\\/?page_id=81\",\"name\":\"O n\u00e1s -\",\"isPartOf\":{\"@id\":\"https:\\\/\\\/www.ambulanciapriskolke.sk\\\/#website\"},\"primaryImageOfPage\":{\"@id\":\"https:\\\/\\\/www.ambulanciapriskolke.sk\\\/?page_id=81#primaryimage\"},\"image\":{\"@id\":\"https:\\\/\\\/www.ambulanciapriskolke.sk\\\/?page_id=81#primaryimage\"},\"thumbnailUrl\":\"https:\\\/\\\/www.ambulanciapriskolke.sk\\\/wp-content\\\/themes\\\/zooey\\\/assets\\\/images\\\/starter\\\/21to9.webp?ver=v1.1.5\",\"datePublished\":\"2024-08-19T18:12:02+00:00\",\"dateModified\":\"2024-12-26T10:08:01+00:00\",\"breadcrumb\":{\"@id\":\"https:\\\/\\\/www.ambulanciapriskolke.sk\\\/?page_id=81#breadcrumb\"},\"inLanguage\":\"sk-SK\",\"potentialAction\":[{\"@type\":\"ReadAction\",\"target\":[\"https:\\\/\\\/www.ambulanciapriskolke.sk\\\/?page_id=81\"]}]},{\"@type\":\"ImageObject\",\"inLanguage\":\"sk-SK\",\"@id\":\"https:\\\/\\\/www.ambulanciapriskolke.sk\\\/?page_id=81#primaryimage\",\"url\":\"https:\\\/\\\/www.ambulanciapriskolke.sk\\\/wp-content\\\/themes\\\/zooey\\\/assets\\\/images\\\/starter\\\/21to9.webp?ver=v1.1.5\",\"contentUrl\":\"https:\\\/\\\/www.ambulanciapriskolke.sk\\\/wp-content\\\/themes\\\/zooey\\\/assets\\\/images\\\/starter\\\/21to9.webp?ver=v1.1.5\"},{\"@type\":\"BreadcrumbList\",\"@id\":\"https:\\\/\\\/www.ambulanciapriskolke.sk\\\/?page_id=81#breadcrumb\",\"itemListElement\":[{\"@type\":\"ListItem\",\"position\":1,\"name\":\"Home\",\"item\":\"https:\\\/\\\/www.ambulanciapriskolke.sk\\\/\"},{\"@type\":\"ListItem\",\"position\":2,\"name\":\"O n\u00e1s\"}]},{\"@type\":\"WebSite\",\"@id\":\"https:\\\/\\\/www.ambulanciapriskolke.sk\\\/#website\",\"url\":\"https:\\\/\\\/www.ambulanciapriskolke.sk\\\/\",\"name\":\"\",\"description\":\"Detsk\u00e1 ambulancia pre deti od 0 do 19 rokov\",\"potentialAction\":[{\"@type\":\"SearchAction\",\"target\":{\"@type\":\"EntryPoint\",\"urlTemplate\":\"https:\\\/\\\/www.ambulanciapriskolke.sk\\\/?s={search_term_string}\"},\"query-input\":{\"@type\":\"PropertyValueSpecification\",\"valueRequired\":true,\"valueName\":\"search_term_string\"}}],\"inLanguage\":\"sk-SK\"}]}<\/script>\n<!-- \/ Yoast SEO plugin. -->","yoast_head_json":{"title":"O n\u00e1s -","robots":{"index":"index","follow":"follow","max-snippet":"max-snippet:-1","max-image-preview":"max-image-preview:large","max-video-preview":"max-video-preview:-1"},"canonical":"https:\/\/www.ambulanciapriskolke.sk\/?page_id=81","og_locale":"sk_SK","og_type":"article","og_title":"O n\u00e1s -","og_description":"Som nadpis Len kr\u00e1tka veti\u010dka. Toto je len demo text, ktor\u00fd by ste mali prep\u00edsa\u0165. Sem si nap\u00ed\u0161te vlastn\u00fd text. Toto je len demo text, ktor\u00fd by ste mali\u2026 12+ Len kr\u00e1tka&hellip;","og_url":"https:\/\/www.ambulanciapriskolke.sk\/?page_id=81","article_modified_time":"2024-12-26T10:08:01+00:00","og_image":[{"url":"https:\/\/www.ambulanciapriskolke.sk\/wp-content\/themes\/zooey\/assets\/images\/starter\/21to9.webp?ver=v1.1.5","type":"","width":"","height":""}],"twitter_card":"summary_large_image","twitter_misc":{"Predpokladan\u00fd \u010das \u010d\u00edtania":"1 min\u00fata"},"schema":{"@context":"https:\/\/schema.org","@graph":[{"@type":"WebPage","@id":"https:\/\/www.ambulanciapriskolke.sk\/?page_id=81","url":"https:\/\/www.ambulanciapriskolke.sk\/?page_id=81","name":"O n\u00e1s -","isPartOf":{"@id":"https:\/\/www.ambulanciapriskolke.sk\/#website"},"primaryImageOfPage":{"@id":"https:\/\/www.ambulanciapriskolke.sk\/?page_id=81#primaryimage"},"image":{"@id":"https:\/\/www.ambulanciapriskolke.sk\/?page_id=81#primaryimage"},"thumbnailUrl":"https:\/\/www.ambulanciapriskolke.sk\/wp-content\/themes\/zooey\/assets\/images\/starter\/21to9.webp?ver=v1.1.5","datePublished":"2024-08-19T18:12:02+00:00","dateModified":"2024-12-26T10:08:01+00:00","breadcrumb":{"@id":"https:\/\/www.ambulanciapriskolke.sk\/?page_id=81#breadcrumb"},"inLanguage":"sk-SK","potentialAction":[{"@type":"ReadAction","target":["https:\/\/www.ambulanciapriskolke.sk\/?page_id=81"]}]},{"@type":"ImageObject","inLanguage":"sk-SK","@id":"https:\/\/www.ambulanciapriskolke.sk\/?page_id=81#primaryimage","url":"https:\/\/www.ambulanciapriskolke.sk\/wp-content\/themes\/zooey\/assets\/images\/starter\/21to9.webp?ver=v1.1.5","contentUrl":"https:\/\/www.ambulanciapriskolke.sk\/wp-content\/themes\/zooey\/assets\/images\/starter\/21to9.webp?ver=v1.1.5"},{"@type":"BreadcrumbList","@id":"https:\/\/www.ambulanciapriskolke.sk\/?page_id=81#breadcrumb","itemListElement":[{"@type":"ListItem","position":1,"name":"Home","item":"https:\/\/www.ambulanciapriskolke.sk\/"},{"@type":"ListItem","position":2,"name":"O n\u00e1s"}]},{"@type":"WebSite","@id":"https:\/\/www.ambulanciapriskolke.sk\/#website","url":"https:\/\/www.ambulanciapriskolke.sk\/","name":"","description":"Detsk\u00e1 ambulancia pre deti od 0 do 19 rokov","potentialAction":[{"@type":"SearchAction","target":{"@type":"EntryPoint","urlTemplate":"https:\/\/www.ambulanciapriskolke.sk\/?s={search_term_string}"},"query-input":{"@type":"PropertyValueSpecification","valueRequired":true,"valueName":"search_term_string"}}],"inLanguage":"sk-SK"}]}},"_links":{"self":[{"href":"https:\/\/www.ambulanciapriskolke.sk\/index.php?rest_route=\/wp\/v2\/pages\/81","targetHints":{"allow":["GET"]}}],"collection":[{"href":"https:\/\/www.ambulanciapriskolke.sk\/index.php?rest_route=\/wp\/v2\/pages"}],"about":[{"href":"https:\/\/www.ambulanciapriskolke.sk\/index.php?rest_route=\/wp\/v2\/types\/page"}],"author":[{"embeddable":true,"href":"https:\/\/www.ambulanciapriskolke.sk\/index.php?rest_route=\/wp\/v2\/users\/1"}],"replies":[{"embeddable":true,"href":"https:\/\/www.ambulanciapriskolke.sk\/index.php?rest_route=%2Fwp%2Fv2%2Fcomments&post=81"}],"version-history":[{"count":1,"href":"https:\/\/www.ambulanciapriskolke.sk\/index.php?rest_route=\/wp\/v2\/pages\/81\/revisions"}],"predecessor-version":[{"id":82,"href":"https:\/\/www.ambulanciapriskolke.sk\/index.php?rest_route=\/wp\/v2\/pages\/81\/revisions\/82"}],"wp:attachment":[{"href":"https:\/\/www.ambulanciapriskolke.sk\/index.php?rest_route=%2Fwp%2Fv2%2Fmedia&parent=81"}],"curies":[{"name":"wp","href":"https:\/\/api.w.org\/{rel}","templated":true}]}}