{"id":51,"date":"2024-08-19T19:05:50","date_gmt":"2024-08-19T17:05:50","guid":{"rendered":"https:\/\/www.ambulanciapriskolke.sk\/?page_id=51"},"modified":"2026-04-17T09:43:16","modified_gmt":"2026-04-17T07:43:16","slug":"kontakt","status":"publish","type":"page","link":"https:\/\/www.ambulanciapriskolke.sk\/?page_id=51","title":{"rendered":"Kontakt"},"content":{"rendered":"\n<div class=\"wp-block-group alignwide has-global-padding is-layout-constrained wp-container-core-group-is-layout-156f4771 wp-block-group-is-layout-constrained\" style=\"margin-top:0;margin-bottom:0\">\n<div class=\"wp-block-group alignwide is-content-justification-space-between is-layout-flex wp-container-core-group-is-layout-70bfba42 wp-block-group-is-layout-flex\">\n<div class=\"wp-block-group is-layout-flow wp-container-core-group-is-layout-63c4ee77 wp-block-group-is-layout-flow\">\n<div class=\"wp-block-group has-global-padding is-layout-constrained wp-container-core-group-is-layout-1e3f265c wp-block-group-is-layout-constrained\"><p><a href=\"https:\/\/my.medevio.sk\/mudr-artimova?ref=imgbanner\" target=\"_blank\"><img loading=\"lazy\" decoding=\"async\" src=\"https:\/\/static.medevio.cz\/clinic-banners\/banner@2x-sk.png\" width=\"421\" height=\"203\" alt=\"Pokra\u010dova\u0165 na Medevio\" style=\"max-width:100%;height:auto;\" \/><\/a><\/p>\n\n\n\n<h2 class=\"wp-block-heading has-m-font-size\" style=\"text-transform:uppercase\">Mobil<\/h2>\n\n\n\n<p>0918 456 412<\/p>\n\n\n\n<h2 class=\"wp-block-heading has-m-font-size\" style=\"text-transform:uppercase\">Po\u0161lite n\u00e1m e-mail<\/h2>\n\n\n\n<p class=\"has-l-font-size\"><a href=\"mailto:priklad@priklad.sk\">lekarka@ambulanciapriskolke.sk<\/a><\/p>\n\n\n\n<p class=\"has-l-font-size\"><a href=\"mailto:priklad@priklad.sk\">sestricka@ambulanciapriskolke.sk<\/a><\/p>\n<\/div>\n\n\n\n<div class=\"wp-block-group has-global-padding is-layout-constrained wp-container-core-group-is-layout-1e3f265c wp-block-group-is-layout-constrained\">\n<h2 class=\"wp-block-heading has-m-font-size\" style=\"text-transform:uppercase\">Nav\u0161t\u00edvte n\u00e1s<\/h2>\n\n\n\n<p class=\"has-l-font-size\">\u0160kolsk\u00e9 N\u00e1mestie 408<br>906 38 Roho\u017en\u00edk<\/p>\n\n\n\n<h2 class=\"wp-block-heading has-m-font-size\" style=\"text-transform:uppercase\">Ordina\u010dn\u00e9 hodiny<\/h2>\n\n\n\n<hr class=\"wp-block-separator has-alpha-channel-opacity\"\/>\n\n\n\n<p><strong>Po\u010das prevent\u00edvnych prehliadok a odberov nevybavujeme telefonick\u00e9 ani e-mailov\u00e9 konzult\u00e1cie.<\/strong><\/p>\n\n\n\n<p><strong>Posledn\u00fd pacient bude o\u0161etren\u00fd najnesk\u00f4r 15 min\u00fat pred ukon\u010den\u00edm ordina\u010dn\u00fdch hod\u00edn.<\/strong><\/p>\n\n\n\n<p><strong>Pros\u00edme o re\u0161pektovanie ordina\u010dn\u00fdch hod\u00edn.<\/strong><\/p>\n\n\n\n<hr class=\"wp-block-separator has-alpha-channel-opacity\"\/>\n\n\n\n<div class=\"wp-block-group is-layout-flow wp-container-core-group-is-layout-aaf5cb5d wp-block-group-is-layout-flow\">\n<div class=\"wp-block-group is-nowrap is-layout-flex wp-container-core-group-is-layout-6c531013 wp-block-group-is-layout-flex\">\n<p class=\"has-s-font-size\" style=\"text-transform:uppercase\">Pondelok<\/p>\n<\/div>\n\n\n\n<p>07:00 &#8211; 08:00 odbery<\/p>\n\n\n\n<p class=\"has-text-align-left is-style-no-text-wrap\">08:00 &#8211; 13:00 chor\u00ed<\/p>\n\n\n\n<p class=\"has-text-align-left\">13:00 &#8211; 15:00 prevencie<\/p>\n\n\n\n<p class=\"has-text-align-left\">15:00 &#8211; 16:00 administrat\u00edva<\/p>\n\n\n\n<hr class=\"wp-block-separator has-alpha-channel-opacity is-style-default\"\/>\n\n\n\n<div class=\"wp-block-group is-nowrap is-layout-flex wp-container-core-group-is-layout-6c531013 wp-block-group-is-layout-flex\">\n<p class=\"has-s-font-size\" style=\"text-transform:uppercase\">Utorok<\/p>\n<\/div>\n\n\n\n<p>07:00 &#8211; 08:00 odbery<\/p>\n\n\n\n<p>08:00 &#8211; 13:00 chor\u00ed<\/p>\n\n\n\n<p>13:00 &#8211; 15:00 prevencie<\/p>\n\n\n\n<hr class=\"wp-block-separator has-alpha-channel-opacity\"\/>\n\n\n\n<div class=\"wp-block-group is-nowrap is-layout-flex wp-container-core-group-is-layout-6c531013 wp-block-group-is-layout-flex\">\n<p class=\"has-s-font-size\" style=\"text-transform:uppercase\">Streda<\/p>\n<\/div>\n\n\n\n<p>12:00 &#8211; 17:00 chor\u00ed<\/p>\n\n\n\n<hr class=\"wp-block-separator has-alpha-channel-opacity\"\/>\n\n\n\n<div class=\"wp-block-group is-nowrap is-layout-flex wp-container-core-group-is-layout-6c531013 wp-block-group-is-layout-flex\">\n<p class=\"has-s-font-size\" style=\"text-transform:uppercase\">\u0160tvrtok<\/p>\n<\/div>\n\n\n\n<p>07:00 &#8211; 08:00 odbery<\/p>\n\n\n\n<div class=\"wp-block-group is-nowrap is-layout-flex wp-container-core-group-is-layout-6c531013 wp-block-group-is-layout-flex\">\n<p>08:00 &#8211; 11:00 prevencie<\/p>\n<\/div>\n\n\n\n<p>11:00 &#8211; 14:00 chor\u00ed<\/p>\n\n\n\n<p>14:00 &#8211; 15:00 administrat\u00edva<\/p>\n\n\n\n<hr class=\"wp-block-separator has-alpha-channel-opacity\"\/>\n\n\n\n<div class=\"wp-block-group is-nowrap is-layout-flex wp-container-core-group-is-layout-6c531013 wp-block-group-is-layout-flex\">\n<p class=\"has-s-font-size\" style=\"text-transform:uppercase\">Piatok<\/p>\n<\/div>\n\n\n\n<p>07:00 &#8211; 08:00 odbery<\/p>\n\n\n\n<p>08:00 &#8211; 13:00 chor\u00ed<\/p>\n\n\n\n<p><\/p>\n<\/div>\n\n\n\n<h2 class=\"wp-block-heading has-m-font-size\" style=\"text-transform:uppercase\">N\u00e1jdete n\u00e1s na Facebooku<\/h2>\n\n\n\n<ul class=\"wp-block-social-links alignleft has-visible-labels has-icon-background-color is-style-pill-shape is-horizontal is-content-justification-left is-layout-flex wp-container-core-social-links-is-layout-8b8c604c wp-block-social-links-is-layout-flex has-justify-content-left\" style=\"padding-top:0;padding-bottom:0\"><li style=\"background-color:#f7a790;\" class=\"wp-social-link wp-social-link-facebook  wp-block-social-link\"><a rel=\"noopener nofollow\" target=\"_blank\" href=\"https:\/\/www.facebook.com\/profile.php?id=61564120785062\" class=\"wp-block-social-link-anchor\"><svg width=\"24\" height=\"24\" viewBox=\"0 0 24 24\" version=\"1.1\" xmlns=\"http:\/\/www.w3.org\/2000\/svg\" aria-hidden=\"true\" focusable=\"false\"><path d=\"M12 2C6.5 2 2 6.5 2 12c0 5 3.7 9.1 8.4 9.9v-7H7.9V12h2.5V9.8c0-2.5 1.5-3.9 3.8-3.9 1.1 0 2.2.2 2.2.2v2.5h-1.3c-1.2 0-1.6.8-1.6 1.6V12h2.8l-.4 2.9h-2.3v7C18.3 21.1 22 17 22 12c0-5.5-4.5-10-10-10z\"><\/path><\/svg><span class=\"wp-block-social-link-label\">Ambulancia pri \u0161k\u00f4lke<\/span><\/a><\/li><\/ul>\n<\/div>\n<\/div>\n\n\n\n<iframe src=\"https:\/\/www.google.com\/maps\/embed?pb=!1m14!1m8!1m3!1d165.36403630900924!2d17.162255!3d48.4598952!3m2!1i1024!2i768!4f13.1!3m3!1m2!1s0x476cc1002acc5043%3A0x22e902d5da120732!2sAmbulancia%20pri%20%C5%A1k%C3%B4lke!5e0!3m2!1ssk!2ssk!4v1725290230660!5m2!1ssk!2ssk\" width=\"600\" height=\"450\" style=\"border:0;\" allowfullscreen=\"\" loading=\"lazy\" referrerpolicy=\"no-referrer-when-downgrade\"><\/iframe>\n<\/div>\n<\/div>\n\n\n\n<p><\/p>\n","protected":false},"excerpt":{"rendered":"<p>Mobil 0918 456 412 Po\u0161lite n\u00e1m e-mail lekarka@ambulanciapriskolke.sk sestricka@ambulanciapriskolke.sk Nav\u0161t\u00edvte n\u00e1s \u0160kolsk\u00e9 N\u00e1mestie 408906 38 Roho\u017en\u00edk Ordina\u010dn\u00e9 hodiny Po\u010das prevent\u00edvnych prehliadok a odberov nevybavujeme telefonick\u00e9 ani e-mailov\u00e9 konzult\u00e1cie. Posledn\u00fd pacient bude o\u0161etren\u00fd&hellip;<\/p>\n","protected":false},"author":1,"featured_media":0,"parent":0,"menu_order":0,"comment_status":"closed","ping_status":"closed","template":"custom-no-intro","meta":{"_monsterinsights_skip_tracking":false,"_monsterinsights_sitenote_active":false,"_monsterinsights_sitenote_note":"","_monsterinsights_sitenote_category":0,"footnotes":""},"class_list":["post-51","page","type-page","status-publish","hentry"],"yoast_head":"<!-- This site is optimized with the Yoast SEO plugin v27.4 - https:\/\/yoast.com\/product\/yoast-seo-wordpress\/ -->\n<title>Kontakt -<\/title>\n<meta name=\"robots\" content=\"index, follow, max-snippet:-1, max-image-preview:large, max-video-preview:-1\" \/>\n<link rel=\"canonical\" href=\"https:\/\/www.ambulanciapriskolke.sk\/?page_id=51\" \/>\n<meta property=\"og:locale\" content=\"sk_SK\" \/>\n<meta property=\"og:type\" content=\"article\" \/>\n<meta property=\"og:title\" content=\"Kontakt -\" \/>\n<meta property=\"og:description\" content=\"Mobil 0918 456 412 Po\u0161lite n\u00e1m e-mail lekarka@ambulanciapriskolke.sk sestricka@ambulanciapriskolke.sk Nav\u0161t\u00edvte n\u00e1s \u0160kolsk\u00e9 N\u00e1mestie 408906 38 Roho\u017en\u00edk Ordina\u010dn\u00e9 hodiny Po\u010das prevent\u00edvnych prehliadok a odberov nevybavujeme telefonick\u00e9 ani e-mailov\u00e9 konzult\u00e1cie. Posledn\u00fd pacient bude o\u0161etren\u00fd&hellip;\" \/>\n<meta property=\"og:url\" content=\"https:\/\/www.ambulanciapriskolke.sk\/?page_id=51\" \/>\n<meta property=\"article:modified_time\" content=\"2026-04-17T07:43:16+00:00\" \/>\n<meta property=\"og:image\" content=\"https:\/\/static.medevio.cz\/clinic-banners\/banner@2x-sk.png\" \/>\n<meta name=\"twitter:card\" content=\"summary_large_image\" \/>\n<meta name=\"twitter:label1\" content=\"Predpokladan\u00fd \u010das \u010d\u00edtania\" \/>\n\t<meta name=\"twitter:data1\" content=\"1 min\u00fata\" \/>\n<script type=\"application\/ld+json\" class=\"yoast-schema-graph\">{\"@context\":\"https:\\\/\\\/schema.org\",\"@graph\":[{\"@type\":\"WebPage\",\"@id\":\"https:\\\/\\\/www.ambulanciapriskolke.sk\\\/?page_id=51\",\"url\":\"https:\\\/\\\/www.ambulanciapriskolke.sk\\\/?page_id=51\",\"name\":\"Kontakt -\",\"isPartOf\":{\"@id\":\"https:\\\/\\\/www.ambulanciapriskolke.sk\\\/#website\"},\"primaryImageOfPage\":{\"@id\":\"https:\\\/\\\/www.ambulanciapriskolke.sk\\\/?page_id=51#primaryimage\"},\"image\":{\"@id\":\"https:\\\/\\\/www.ambulanciapriskolke.sk\\\/?page_id=51#primaryimage\"},\"thumbnailUrl\":\"https:\\\/\\\/static.medevio.cz\\\/clinic-banners\\\/banner@2x-sk.png\",\"datePublished\":\"2024-08-19T17:05:50+00:00\",\"dateModified\":\"2026-04-17T07:43:16+00:00\",\"breadcrumb\":{\"@id\":\"https:\\\/\\\/www.ambulanciapriskolke.sk\\\/?page_id=51#breadcrumb\"},\"inLanguage\":\"sk-SK\",\"potentialAction\":[{\"@type\":\"ReadAction\",\"target\":[\"https:\\\/\\\/www.ambulanciapriskolke.sk\\\/?page_id=51\"]}]},{\"@type\":\"ImageObject\",\"inLanguage\":\"sk-SK\",\"@id\":\"https:\\\/\\\/www.ambulanciapriskolke.sk\\\/?page_id=51#primaryimage\",\"url\":\"https:\\\/\\\/static.medevio.cz\\\/clinic-banners\\\/banner@2x-sk.png\",\"contentUrl\":\"https:\\\/\\\/static.medevio.cz\\\/clinic-banners\\\/banner@2x-sk.png\"},{\"@type\":\"BreadcrumbList\",\"@id\":\"https:\\\/\\\/www.ambulanciapriskolke.sk\\\/?page_id=51#breadcrumb\",\"itemListElement\":[{\"@type\":\"ListItem\",\"position\":1,\"name\":\"Home\",\"item\":\"https:\\\/\\\/www.ambulanciapriskolke.sk\\\/\"},{\"@type\":\"ListItem\",\"position\":2,\"name\":\"Kontakt\"}]},{\"@type\":\"WebSite\",\"@id\":\"https:\\\/\\\/www.ambulanciapriskolke.sk\\\/#website\",\"url\":\"https:\\\/\\\/www.ambulanciapriskolke.sk\\\/\",\"name\":\"\",\"description\":\"Detsk\u00e1 ambulancia pre deti od 0 do 19 rokov\",\"potentialAction\":[{\"@type\":\"SearchAction\",\"target\":{\"@type\":\"EntryPoint\",\"urlTemplate\":\"https:\\\/\\\/www.ambulanciapriskolke.sk\\\/?s={search_term_string}\"},\"query-input\":{\"@type\":\"PropertyValueSpecification\",\"valueRequired\":true,\"valueName\":\"search_term_string\"}}],\"inLanguage\":\"sk-SK\"}]}<\/script>\n<!-- \/ Yoast SEO plugin. -->","yoast_head_json":{"title":"Kontakt -","robots":{"index":"index","follow":"follow","max-snippet":"max-snippet:-1","max-image-preview":"max-image-preview:large","max-video-preview":"max-video-preview:-1"},"canonical":"https:\/\/www.ambulanciapriskolke.sk\/?page_id=51","og_locale":"sk_SK","og_type":"article","og_title":"Kontakt -","og_description":"Mobil 0918 456 412 Po\u0161lite n\u00e1m e-mail lekarka@ambulanciapriskolke.sk sestricka@ambulanciapriskolke.sk Nav\u0161t\u00edvte n\u00e1s \u0160kolsk\u00e9 N\u00e1mestie 408906 38 Roho\u017en\u00edk Ordina\u010dn\u00e9 hodiny Po\u010das prevent\u00edvnych prehliadok a odberov nevybavujeme telefonick\u00e9 ani e-mailov\u00e9 konzult\u00e1cie. Posledn\u00fd pacient bude o\u0161etren\u00fd&hellip;","og_url":"https:\/\/www.ambulanciapriskolke.sk\/?page_id=51","article_modified_time":"2026-04-17T07:43:16+00:00","og_image":[{"url":"https:\/\/static.medevio.cz\/clinic-banners\/banner@2x-sk.png","type":"","width":"","height":""}],"twitter_card":"summary_large_image","twitter_misc":{"Predpokladan\u00fd \u010das \u010d\u00edtania":"1 min\u00fata"},"schema":{"@context":"https:\/\/schema.org","@graph":[{"@type":"WebPage","@id":"https:\/\/www.ambulanciapriskolke.sk\/?page_id=51","url":"https:\/\/www.ambulanciapriskolke.sk\/?page_id=51","name":"Kontakt -","isPartOf":{"@id":"https:\/\/www.ambulanciapriskolke.sk\/#website"},"primaryImageOfPage":{"@id":"https:\/\/www.ambulanciapriskolke.sk\/?page_id=51#primaryimage"},"image":{"@id":"https:\/\/www.ambulanciapriskolke.sk\/?page_id=51#primaryimage"},"thumbnailUrl":"https:\/\/static.medevio.cz\/clinic-banners\/banner@2x-sk.png","datePublished":"2024-08-19T17:05:50+00:00","dateModified":"2026-04-17T07:43:16+00:00","breadcrumb":{"@id":"https:\/\/www.ambulanciapriskolke.sk\/?page_id=51#breadcrumb"},"inLanguage":"sk-SK","potentialAction":[{"@type":"ReadAction","target":["https:\/\/www.ambulanciapriskolke.sk\/?page_id=51"]}]},{"@type":"ImageObject","inLanguage":"sk-SK","@id":"https:\/\/www.ambulanciapriskolke.sk\/?page_id=51#primaryimage","url":"https:\/\/static.medevio.cz\/clinic-banners\/banner@2x-sk.png","contentUrl":"https:\/\/static.medevio.cz\/clinic-banners\/banner@2x-sk.png"},{"@type":"BreadcrumbList","@id":"https:\/\/www.ambulanciapriskolke.sk\/?page_id=51#breadcrumb","itemListElement":[{"@type":"ListItem","position":1,"name":"Home","item":"https:\/\/www.ambulanciapriskolke.sk\/"},{"@type":"ListItem","position":2,"name":"Kontakt"}]},{"@type":"WebSite","@id":"https:\/\/www.ambulanciapriskolke.sk\/#website","url":"https:\/\/www.ambulanciapriskolke.sk\/","name":"","description":"Detsk\u00e1 ambulancia pre deti od 0 do 19 rokov","potentialAction":[{"@type":"SearchAction","target":{"@type":"EntryPoint","urlTemplate":"https:\/\/www.ambulanciapriskolke.sk\/?s={search_term_string}"},"query-input":{"@type":"PropertyValueSpecification","valueRequired":true,"valueName":"search_term_string"}}],"inLanguage":"sk-SK"}]}},"_links":{"self":[{"href":"https:\/\/www.ambulanciapriskolke.sk\/index.php?rest_route=\/wp\/v2\/pages\/51","targetHints":{"allow":["GET"]}}],"collection":[{"href":"https:\/\/www.ambulanciapriskolke.sk\/index.php?rest_route=\/wp\/v2\/pages"}],"about":[{"href":"https:\/\/www.ambulanciapriskolke.sk\/index.php?rest_route=\/wp\/v2\/types\/page"}],"author":[{"embeddable":true,"href":"https:\/\/www.ambulanciapriskolke.sk\/index.php?rest_route=\/wp\/v2\/users\/1"}],"replies":[{"embeddable":true,"href":"https:\/\/www.ambulanciapriskolke.sk\/index.php?rest_route=%2Fwp%2Fv2%2Fcomments&post=51"}],"version-history":[{"count":6,"href":"https:\/\/www.ambulanciapriskolke.sk\/index.php?rest_route=\/wp\/v2\/pages\/51\/revisions"}],"predecessor-version":[{"id":291,"href":"https:\/\/www.ambulanciapriskolke.sk\/index.php?rest_route=\/wp\/v2\/pages\/51\/revisions\/291"}],"wp:attachment":[{"href":"https:\/\/www.ambulanciapriskolke.sk\/index.php?rest_route=%2Fwp%2Fv2%2Fmedia&parent=51"}],"curies":[{"name":"wp","href":"https:\/\/api.w.org\/{rel}","templated":true}]}}