{"id":11,"date":"2024-08-19T14:35:00","date_gmt":"2024-08-19T12:35:00","guid":{"rendered":"https:\/\/www.ambulanciapriskolke.sk\/?page_id=11"},"modified":"2024-09-02T18:40:18","modified_gmt":"2024-09-02T16:40:18","slug":"nase-sluzby","status":"publish","type":"page","link":"https:\/\/www.ambulanciapriskolke.sk\/?page_id=11","title":{"rendered":"Na\u0161e slu\u017eby"},"content":{"rendered":"\n<div class=\"wp-block-group alignfull has-base-alt-background-color has-background has-global-padding is-layout-constrained wp-container-core-group-is-layout-81e858c0 wp-block-group-is-layout-constrained\" style=\"margin-top:0;padding-top:var(--wp--preset--spacing--content);padding-bottom:var(--wp--preset--spacing--content)\">\n<div class=\"wp-block-columns alignwide is-layout-flex wp-container-core-columns-is-layout-15c97201 wp-block-columns-is-layout-flex\">\n<div class=\"wp-block-column has-primary-background-color has-background is-layout-flow wp-block-column-is-layout-flow\" style=\"border-radius:0.38rem;padding-top:var(--wp--preset--spacing--l);padding-right:var(--wp--preset--spacing--l);padding-bottom:var(--wp--preset--spacing--l);padding-left:var(--wp--preset--spacing--l);flex-basis:33.33%\">\n<h2 class=\"wp-block-heading\">Na\u0161e slu\u017eby<\/h2>\n\n\n\n<p class=\"has-s-font-size\">Poskytujeme pre v\u00e1s nasleduj\u00face slu\u017eby:<\/p>\n<\/div>\n\n\n\n<div class=\"wp-block-column is-layout-flow wp-container-core-column-is-layout-168482ca wp-block-column-is-layout-flow\" style=\"flex-basis:33.33%\">\n<p class=\"has-link-color has-mega-font-size wp-elements-6314651e3b0ddeb9c305c9ae57c01d5f\" style=\"font-style:normal;font-weight:700;line-height:1\">V<\/p>\n\n\n\n<h3 class=\"wp-block-heading has-m-font-size\" style=\"margin-top:var(--wp--preset--spacing--s);text-transform:uppercase\">Vy\u0161etrenie<\/h3>\n\n\n\n<p class=\"has-l-font-size\" style=\"line-height:1.4\"><strong><mark style=\"background-color:#fff3c1\" class=\"has-inline-color has-primary-color\">\u2714<\/mark> <\/strong>Vy\u0161etrenie ak\u00fatnych aj chronick\u00fdch stavov die\u0165a\u0165a od 0 do 19 rokov<\/p>\n\n\n\n<p class=\"has-big-font-size\" style=\"margin-top:0;text-decoration:none\"><\/p>\n<\/div>\n\n\n\n<div class=\"wp-block-column is-layout-flow wp-container-core-column-is-layout-168482ca wp-block-column-is-layout-flow\" style=\"flex-basis:33.33%\">\n<p class=\"has-link-color has-mega-font-size wp-elements-4d1c2763e10d5196367134e6f8032de3\" style=\"font-style:normal;font-weight:700;line-height:1\">P<\/p>\n\n\n\n<h3 class=\"wp-block-heading has-m-font-size\" style=\"margin-top:var(--wp--preset--spacing--s);text-transform:uppercase\">Prevent\u00edvna starostlivos\u0165<\/h3>\n\n\n\n<p class=\"has-l-font-size\" style=\"line-height:1.4\"><strong><mark style=\"background-color:#fff3c1\" class=\"has-inline-color has-primary-color\">\u2714<\/mark><\/strong><\/p>\n\n\n\n<p class=\"has-big-font-size\" style=\"margin-top:0;text-decoration:none\"><\/p>\n<\/div>\n<\/div>\n\n\n\n<div class=\"wp-block-columns alignwide is-layout-flex wp-container-core-columns-is-layout-15c97201 wp-block-columns-is-layout-flex\">\n<div class=\"wp-block-column is-layout-flow wp-container-core-column-is-layout-168482ca wp-block-column-is-layout-flow\" style=\"flex-basis:33.33%\">\n<p class=\"has-link-color has-mega-font-size wp-elements-f27b13ce62d867df31d968a722ce690e\" style=\"font-style:normal;font-weight:700;line-height:1\">O<\/p>\n\n\n\n<h3 class=\"wp-block-heading has-m-font-size\" style=\"margin-top:var(--wp--preset--spacing--s);text-transform:uppercase\">O\u010dkovanie<\/h3>\n\n\n\n<p class=\"has-l-font-size\" style=\"line-height:1.4\"><strong><mark style=\"background-color:#fff3c1\" class=\"has-inline-color has-primary-color\">\u2714<\/mark><\/strong> Povinn\u00e9, nad\u0161tandardn\u00e9, aj pred cestou do zahrani\u010dia<\/p>\n\n\n\n<p class=\"has-big-font-size\" style=\"margin-top:0;text-decoration:none\"><\/p>\n<\/div>\n\n\n\n<div class=\"wp-block-column is-layout-flow wp-container-core-column-is-layout-168482ca wp-block-column-is-layout-flow\" style=\"flex-basis:33.33%\">\n<p class=\"has-link-color has-mega-font-size wp-elements-4d1c2763e10d5196367134e6f8032de3\" style=\"font-style:normal;font-weight:700;line-height:1\">P<\/p>\n\n\n\n<h3 class=\"wp-block-heading has-m-font-size\" style=\"margin-top:var(--wp--preset--spacing--s);text-transform:uppercase\">Predopera\u010dn\u00e9 vy\u0161etrenia<\/h3>\n\n\n\n<p class=\"has-l-font-size\" style=\"line-height:1.4\"><strong><mark style=\"background-color:#fff3c1\" class=\"has-inline-color has-primary-color\">\u2714<\/mark><\/strong><\/p>\n\n\n\n<p class=\"has-big-font-size\" style=\"margin-top:0;text-decoration:none\"><\/p>\n<\/div>\n\n\n\n<div class=\"wp-block-column is-layout-flow wp-container-core-column-is-layout-168482ca wp-block-column-is-layout-flow\" style=\"flex-basis:33.33%\">\n<p class=\"has-link-color has-mega-font-size wp-elements-7775e8351d95de5f6dd9bccf6387d80f\" style=\"font-style:normal;font-weight:700;line-height:1\">E<\/p>\n\n\n\n<h3 class=\"wp-block-heading has-m-font-size\" style=\"margin-top:var(--wp--preset--spacing--s);text-transform:uppercase\">E-recepty<\/h3>\n\n\n\n<p class=\"has-l-font-size\" style=\"line-height:1.4\"><strong><mark style=\"background-color:#fff3c1\" class=\"has-inline-color has-primary-color\">\u2714<\/mark><\/strong> Posielanie e-receptov<\/p>\n\n\n\n<p class=\"has-big-font-size\" style=\"margin-top:0;text-decoration:none\"><\/p>\n<\/div>\n<\/div>\n<\/div>\n\n\n\n<div class=\"wp-block-group alignfull has-base-alt-background-color has-background has-global-padding is-layout-constrained wp-container-core-group-is-layout-81e858c0 wp-block-group-is-layout-constrained\" style=\"margin-top:0;padding-top:var(--wp--preset--spacing--content);padding-bottom:var(--wp--preset--spacing--content)\">\n<div class=\"wp-block-columns alignwide is-layout-flex wp-container-core-columns-is-layout-15c97201 wp-block-columns-is-layout-flex\">\n<div class=\"wp-block-column is-layout-flow wp-container-core-column-is-layout-168482ca wp-block-column-is-layout-flow\" style=\"flex-basis:33.33%\">\n<p class=\"has-link-color has-mega-font-size wp-elements-8ead42e2bf527e5b8447f71ae90e42f0\" style=\"font-style:normal;font-weight:700;line-height:1\">C<\/p>\n\n\n\n<h3 class=\"wp-block-heading has-m-font-size\" style=\"margin-top:var(--wp--preset--spacing--s);text-transform:uppercase\">CRP pr\u00edstroj<\/h3>\n\n\n\n<p class=\"has-l-font-size\" style=\"line-height:1.4\"><strong><mark style=\"background-color:#fff3c1\" class=\"has-inline-color has-primary-color\">\u2714<\/mark><\/strong> CRP pr\u00edstroj na ur\u010denie z\u00e1palovej aktivity na rozl\u00ed\u0161enie medzi v\u00edrusovou a bakteri\u00e1lnou infekciou<\/p>\n\n\n\n<p class=\"has-big-font-size\" style=\"margin-top:0;text-decoration:none\"><\/p>\n<\/div>\n\n\n\n<div class=\"wp-block-column is-layout-flow wp-container-core-column-is-layout-168482ca wp-block-column-is-layout-flow\" style=\"flex-basis:33.33%\">\n<p class=\"has-link-color has-mega-font-size wp-elements-b130057a771a10171b918d83d4f9668c\" style=\"font-style:normal;font-weight:700;line-height:1\">s<\/p>\n\n\n\n<h3 class=\"wp-block-heading has-m-font-size\" style=\"margin-top:var(--wp--preset--spacing--s);text-transform:uppercase\">Strep A test<\/h3>\n\n\n\n<p class=\"has-l-font-size\" style=\"line-height:1.4\"><strong><mark style=\"background-color:#fff3c1\" class=\"has-inline-color has-primary-color\">\u2714<\/mark><\/strong> Strep A test &#8211; r\u00fdchly a jednoduch\u00fd test sl\u00fa\u017eiaci na detekciu streptokokov skupiny A vo vzorke v\u00fdteru z hrdla<\/p>\n\n\n\n<p class=\"has-big-font-size\" style=\"margin-top:0;text-decoration:none\"><\/p>\n<\/div>\n\n\n\n<div class=\"wp-block-column is-layout-flow wp-container-core-column-is-layout-168482ca wp-block-column-is-layout-flow\" style=\"flex-basis:33.33%\">\n<p class=\"has-link-color has-mega-font-size wp-elements-f27b13ce62d867df31d968a722ce690e\" style=\"font-style:normal;font-weight:700;line-height:1\">O<\/p>\n\n\n\n<h3 class=\"wp-block-heading has-m-font-size\" style=\"margin-top:var(--wp--preset--spacing--s);text-transform:uppercase\">Otoskop<\/h3>\n\n\n\n<p class=\"has-l-font-size\" style=\"line-height:1.4\"><strong><mark style=\"background-color:#fff3c1\" class=\"has-inline-color has-primary-color\">\u2714<\/mark><\/strong> Vy\u0161etrenie otoskopom pri ochoreniach u\u0161\u00ed<\/p>\n\n\n\n<p class=\"has-big-font-size\" style=\"margin-top:0;text-decoration:none\"><\/p>\n<\/div>\n<\/div>\n<\/div>\n\n\n\n<div class=\"wp-block-group alignfull has-base-alt-background-color has-background has-global-padding is-layout-constrained wp-container-core-group-is-layout-81e858c0 wp-block-group-is-layout-constrained\" style=\"margin-top:0;padding-top:var(--wp--preset--spacing--content);padding-bottom:var(--wp--preset--spacing--content)\">\n<div class=\"wp-block-columns alignwide is-layout-flex wp-container-core-columns-is-layout-15c97201 wp-block-columns-is-layout-flex\">\n<div class=\"wp-block-column is-layout-flow wp-container-core-column-is-layout-168482ca wp-block-column-is-layout-flow\" style=\"flex-basis:33.33%\">\n<p class=\"has-link-color has-mega-font-size wp-elements-f27b13ce62d867df31d968a722ce690e\" style=\"font-style:normal;font-weight:700;line-height:1\">O<\/p>\n\n\n\n<h3 class=\"wp-block-heading has-m-font-size\" style=\"margin-top:var(--wp--preset--spacing--s);text-transform:uppercase\">Oxymeter<\/h3>\n\n\n\n<p class=\"has-l-font-size\" style=\"line-height:1.4\"><strong><mark style=\"background-color:#fff3c1\" class=\"has-inline-color has-primary-color\">\u2714<\/mark><\/strong> Oxymeter na meranie satur\u00e1cie kysl\u00edku v krvi<\/p>\n\n\n\n<p class=\"has-big-font-size\" style=\"margin-top:0;text-decoration:none\"><\/p>\n<\/div>\n\n\n\n<div class=\"wp-block-column is-layout-flow wp-container-core-column-is-layout-168482ca wp-block-column-is-layout-flow\" style=\"flex-basis:33.33%\">\n<p class=\"has-link-color has-mega-font-size wp-elements-6314651e3b0ddeb9c305c9ae57c01d5f\" style=\"font-style:normal;font-weight:700;line-height:1\">V<\/p>\n\n\n\n<h3 class=\"wp-block-heading has-m-font-size\" style=\"margin-top:var(--wp--preset--spacing--s);text-transform:uppercase\">Vy\u0161etrenie mo\u010du<\/h3>\n\n\n\n<p class=\"has-l-font-size\" style=\"line-height:1.4\"><strong><mark style=\"background-color:#fff3c1\" class=\"has-inline-color has-primary-color\">\u2714<\/mark><\/strong> Vy\u0161etrenie mo\u010du PH papierikom<\/p>\n\n\n\n<p class=\"has-big-font-size\" style=\"margin-top:0;text-decoration:none\"><\/p>\n<\/div>\n\n\n\n<div class=\"wp-block-column is-layout-flow wp-container-core-column-is-layout-168482ca wp-block-column-is-layout-flow\" style=\"flex-basis:33.33%\">\n<p class=\"has-link-color has-mega-font-size wp-elements-aa9d14021bbf9d2e26f7424899ed8508\" style=\"font-style:normal;font-weight:700;line-height:1\">N<\/p>\n\n\n\n<h3 class=\"wp-block-heading has-m-font-size\" style=\"margin-top:var(--wp--preset--spacing--s);text-transform:uppercase\">Nastre\u013dovanie n\u00e1u\u0161n\u00edc<\/h3>\n\n\n\n<p class=\"has-l-font-size\" style=\"line-height:1.4\"><strong><mark style=\"background-color:#fff3c1\" class=\"has-inline-color has-primary-color\">\u2714<\/mark><\/strong> <\/p>\n\n\n\n<p class=\"has-big-font-size\" style=\"margin-top:0;text-decoration:none\"><\/p>\n<\/div>\n<\/div>\n<\/div>\n","protected":false},"excerpt":{"rendered":"<p>Na\u0161e slu\u017eby Poskytujeme pre v\u00e1s nasleduj\u00face slu\u017eby: V Vy\u0161etrenie \u2714 Vy\u0161etrenie ak\u00fatnych aj chronick\u00fdch stavov die\u0165a\u0165a od 0 do 19 rokov P Prevent\u00edvna starostlivos\u0165 \u2714 O O\u010dkovanie \u2714 Povinn\u00e9, nad\u0161tandardn\u00e9, aj pred&hellip;<\/p>\n","protected":false},"author":1,"featured_media":0,"parent":0,"menu_order":0,"comment_status":"closed","ping_status":"closed","template":"custom-no-intro","meta":{"_monsterinsights_skip_tracking":false,"_monsterinsights_sitenote_active":false,"_monsterinsights_sitenote_note":"","_monsterinsights_sitenote_category":0,"footnotes":""},"class_list":["post-11","page","type-page","status-publish","hentry"],"yoast_head":"<!-- This site is optimized with the Yoast SEO plugin v27.4 - https:\/\/yoast.com\/product\/yoast-seo-wordpress\/ -->\n<title>Na\u0161e slu\u017eby -<\/title>\n<meta name=\"robots\" content=\"index, follow, max-snippet:-1, max-image-preview:large, max-video-preview:-1\" \/>\n<link rel=\"canonical\" href=\"https:\/\/www.ambulanciapriskolke.sk\/?page_id=11\" \/>\n<meta property=\"og:locale\" content=\"sk_SK\" \/>\n<meta property=\"og:type\" content=\"article\" \/>\n<meta property=\"og:title\" content=\"Na\u0161e slu\u017eby -\" \/>\n<meta property=\"og:description\" content=\"Na\u0161e slu\u017eby Poskytujeme pre v\u00e1s nasleduj\u00face slu\u017eby: V Vy\u0161etrenie \u2714 Vy\u0161etrenie ak\u00fatnych aj chronick\u00fdch stavov die\u0165a\u0165a od 0 do 19 rokov P Prevent\u00edvna starostlivos\u0165 \u2714 O O\u010dkovanie \u2714 Povinn\u00e9, nad\u0161tandardn\u00e9, aj pred&hellip;\" \/>\n<meta property=\"og:url\" content=\"https:\/\/www.ambulanciapriskolke.sk\/?page_id=11\" \/>\n<meta property=\"article:modified_time\" content=\"2024-09-02T16:40:18+00:00\" \/>\n<meta name=\"twitter:card\" content=\"summary_large_image\" \/>\n<meta name=\"twitter:label1\" content=\"Predpokladan\u00fd \u010das \u010d\u00edtania\" \/>\n\t<meta name=\"twitter:data1\" content=\"1 min\u00fata\" \/>\n<script type=\"application\/ld+json\" class=\"yoast-schema-graph\">{\"@context\":\"https:\\\/\\\/schema.org\",\"@graph\":[{\"@type\":\"WebPage\",\"@id\":\"https:\\\/\\\/www.ambulanciapriskolke.sk\\\/?page_id=11\",\"url\":\"https:\\\/\\\/www.ambulanciapriskolke.sk\\\/?page_id=11\",\"name\":\"Na\u0161e slu\u017eby -\",\"isPartOf\":{\"@id\":\"https:\\\/\\\/www.ambulanciapriskolke.sk\\\/#website\"},\"datePublished\":\"2024-08-19T12:35:00+00:00\",\"dateModified\":\"2024-09-02T16:40:18+00:00\",\"breadcrumb\":{\"@id\":\"https:\\\/\\\/www.ambulanciapriskolke.sk\\\/?page_id=11#breadcrumb\"},\"inLanguage\":\"sk-SK\",\"potentialAction\":[{\"@type\":\"ReadAction\",\"target\":[\"https:\\\/\\\/www.ambulanciapriskolke.sk\\\/?page_id=11\"]}]},{\"@type\":\"BreadcrumbList\",\"@id\":\"https:\\\/\\\/www.ambulanciapriskolke.sk\\\/?page_id=11#breadcrumb\",\"itemListElement\":[{\"@type\":\"ListItem\",\"position\":1,\"name\":\"Home\",\"item\":\"https:\\\/\\\/www.ambulanciapriskolke.sk\\\/\"},{\"@type\":\"ListItem\",\"position\":2,\"name\":\"Na\u0161e slu\u017eby\"}]},{\"@type\":\"WebSite\",\"@id\":\"https:\\\/\\\/www.ambulanciapriskolke.sk\\\/#website\",\"url\":\"https:\\\/\\\/www.ambulanciapriskolke.sk\\\/\",\"name\":\"\",\"description\":\"Detsk\u00e1 ambulancia pre deti od 0 do 19 rokov\",\"potentialAction\":[{\"@type\":\"SearchAction\",\"target\":{\"@type\":\"EntryPoint\",\"urlTemplate\":\"https:\\\/\\\/www.ambulanciapriskolke.sk\\\/?s={search_term_string}\"},\"query-input\":{\"@type\":\"PropertyValueSpecification\",\"valueRequired\":true,\"valueName\":\"search_term_string\"}}],\"inLanguage\":\"sk-SK\"}]}<\/script>\n<!-- \/ Yoast SEO plugin. -->","yoast_head_json":{"title":"Na\u0161e slu\u017eby -","robots":{"index":"index","follow":"follow","max-snippet":"max-snippet:-1","max-image-preview":"max-image-preview:large","max-video-preview":"max-video-preview:-1"},"canonical":"https:\/\/www.ambulanciapriskolke.sk\/?page_id=11","og_locale":"sk_SK","og_type":"article","og_title":"Na\u0161e slu\u017eby -","og_description":"Na\u0161e slu\u017eby Poskytujeme pre v\u00e1s nasleduj\u00face slu\u017eby: V Vy\u0161etrenie \u2714 Vy\u0161etrenie ak\u00fatnych aj chronick\u00fdch stavov die\u0165a\u0165a od 0 do 19 rokov P Prevent\u00edvna starostlivos\u0165 \u2714 O O\u010dkovanie \u2714 Povinn\u00e9, nad\u0161tandardn\u00e9, aj pred&hellip;","og_url":"https:\/\/www.ambulanciapriskolke.sk\/?page_id=11","article_modified_time":"2024-09-02T16:40:18+00:00","twitter_card":"summary_large_image","twitter_misc":{"Predpokladan\u00fd \u010das \u010d\u00edtania":"1 min\u00fata"},"schema":{"@context":"https:\/\/schema.org","@graph":[{"@type":"WebPage","@id":"https:\/\/www.ambulanciapriskolke.sk\/?page_id=11","url":"https:\/\/www.ambulanciapriskolke.sk\/?page_id=11","name":"Na\u0161e slu\u017eby -","isPartOf":{"@id":"https:\/\/www.ambulanciapriskolke.sk\/#website"},"datePublished":"2024-08-19T12:35:00+00:00","dateModified":"2024-09-02T16:40:18+00:00","breadcrumb":{"@id":"https:\/\/www.ambulanciapriskolke.sk\/?page_id=11#breadcrumb"},"inLanguage":"sk-SK","potentialAction":[{"@type":"ReadAction","target":["https:\/\/www.ambulanciapriskolke.sk\/?page_id=11"]}]},{"@type":"BreadcrumbList","@id":"https:\/\/www.ambulanciapriskolke.sk\/?page_id=11#breadcrumb","itemListElement":[{"@type":"ListItem","position":1,"name":"Home","item":"https:\/\/www.ambulanciapriskolke.sk\/"},{"@type":"ListItem","position":2,"name":"Na\u0161e slu\u017eby"}]},{"@type":"WebSite","@id":"https:\/\/www.ambulanciapriskolke.sk\/#website","url":"https:\/\/www.ambulanciapriskolke.sk\/","name":"","description":"Detsk\u00e1 ambulancia pre deti od 0 do 19 rokov","potentialAction":[{"@type":"SearchAction","target":{"@type":"EntryPoint","urlTemplate":"https:\/\/www.ambulanciapriskolke.sk\/?s={search_term_string}"},"query-input":{"@type":"PropertyValueSpecification","valueRequired":true,"valueName":"search_term_string"}}],"inLanguage":"sk-SK"}]}},"_links":{"self":[{"href":"https:\/\/www.ambulanciapriskolke.sk\/index.php?rest_route=\/wp\/v2\/pages\/11","targetHints":{"allow":["GET"]}}],"collection":[{"href":"https:\/\/www.ambulanciapriskolke.sk\/index.php?rest_route=\/wp\/v2\/pages"}],"about":[{"href":"https:\/\/www.ambulanciapriskolke.sk\/index.php?rest_route=\/wp\/v2\/types\/page"}],"author":[{"embeddable":true,"href":"https:\/\/www.ambulanciapriskolke.sk\/index.php?rest_route=\/wp\/v2\/users\/1"}],"replies":[{"embeddable":true,"href":"https:\/\/www.ambulanciapriskolke.sk\/index.php?rest_route=%2Fwp%2Fv2%2Fcomments&post=11"}],"version-history":[{"count":6,"href":"https:\/\/www.ambulanciapriskolke.sk\/index.php?rest_route=\/wp\/v2\/pages\/11\/revisions"}],"predecessor-version":[{"id":197,"href":"https:\/\/www.ambulanciapriskolke.sk\/index.php?rest_route=\/wp\/v2\/pages\/11\/revisions\/197"}],"wp:attachment":[{"href":"https:\/\/www.ambulanciapriskolke.sk\/index.php?rest_route=%2Fwp%2Fv2%2Fmedia&parent=11"}],"curies":[{"name":"wp","href":"https:\/\/api.w.org\/{rel}","templated":true}]}}